{"id":36,"date":"2011-09-05T18:00:57","date_gmt":"2011-09-05T16:00:57","guid":{"rendered":"http:\/\/vejle-kendo.dk\/?page_id=36"},"modified":"2025-04-22T18:35:57","modified_gmt":"2025-04-22T16:35:57","slug":"traening","status":"publish","type":"page","link":"https:\/\/vejle-kendo.dk\/?page_id=36","title":{"rendered":"Tr\u00e6ning"},"content":{"rendered":"\n<figure class=\"wp-block-image size-large\"><a href=\"https:\/\/vejle-kendo.dk\/wp-content\/uploads\/2025\/04\/Kendo-Vejle-1.jpg\"><img loading=\"lazy\" decoding=\"async\" width=\"1434\" height=\"807\" src=\"https:\/\/vejle-kendo.dk\/wp-content\/uploads\/2025\/04\/Kendo-Vejle-1-edited.jpg\" alt=\"\" class=\"wp-image-243\" srcset=\"https:\/\/vejle-kendo.dk\/wp-content\/uploads\/2025\/04\/Kendo-Vejle-1-edited.jpg 1434w, https:\/\/vejle-kendo.dk\/wp-content\/uploads\/2025\/04\/Kendo-Vejle-1-edited-300x169.jpg 300w, https:\/\/vejle-kendo.dk\/wp-content\/uploads\/2025\/04\/Kendo-Vejle-1-edited-1024x576.jpg 1024w, https:\/\/vejle-kendo.dk\/wp-content\/uploads\/2025\/04\/Kendo-Vejle-1-edited-768x432.jpg 768w, https:\/\/vejle-kendo.dk\/wp-content\/uploads\/2025\/04\/Kendo-Vejle-1-edited-500x281.jpg 500w\" sizes=\"auto, (max-width: 1434px) 100vw, 1434px\" \/><\/a><\/figure>\n\n\n\n<p class=\"has-text-align-center\"><em>Billede fra en f\u00e6llestr\u00e6ning i Vejle<\/em> <em>Kendo<\/em><\/p>\n\n\n\n<p>Kendo er en kampsport alle kan dyrke, uanset alder og st\u00f8bning.<br>I Vejle Kendo s\u00f8rger vi for at holde tr\u00e6ningen sjov og engagerende med sikkerheden i top og masser af erfaring at gro af.<\/p>\n\n\n\n<details class=\"wp-block-details is-layout-flow wp-block-details-is-layout-flow\"><summary>Ny i Vejle Kendo<\/summary>\n<p><br>I starten vil tr\u00e6ningen foreg\u00e5 uden rustning, hvor instrukt\u00f8ren og de \u00f8vede medlemmer if\u00f8rt rustning modtager slag fra begynderne. Her fokuseres p\u00e5 basisteknik.<br>N\u00e5r man er \u00f8vet nok til at have rustning p\u00e5, introduceres man til kamp, og der skelnes mellem \u00e6stetisk- og kampm\u00e6ssigt Kendo.<br><br>De f\u00f8rste best\u00e5r af en gratis pr\u00f8veperiode, hvorefter man bedes blive medlem af klubben.<br><br>I Vejle Kendo kan alle fra alderen 6 \u00e5r og op blive medlem. Dog skal vi have en v\u00e6rges underskrift, hvis medlemmet er under 18 \u00e5r.<br><br>Kontakt os, hvis du vil pr\u00f8ve at tr\u00e6ne med os. S\u00e5 har vi sv\u00e6rd med til dig, og s\u00e5 skal du ellers bare dukke op i tr\u00e6ningst\u00f8j. Du kan finde kontaktoplysninger under siden &#8220;kontakt&#8221;, og ellers kan du r\u00e6kke ud til os via fores facebook gruppe.<\/p>\n<\/details>\n\n\n\n<details class=\"wp-block-details is-layout-flow wp-block-details-is-layout-flow\"><summary>Sikkerhed<\/summary>\n<p><br>Sikkerhed er s\u00e6rdeles vigtigt i en kontaktsport som Kendo. Her tages s\u00e6rligt hensyn til afstand, teknik og metode, s\u00e5 du ikke skal v\u00e6re bange for at blive sl\u00e5et. <br>\u00d8vede medlemmer bruger rustning, s\u00e5 du kan \u00f8ve teknikker, uden at skulle bekymre dig om at g\u00f8re andre fortr\u00e6d. Begyndere uden rustning bliver ikke sl\u00e5et p\u00e5.<\/p>\n<\/details>\n\n\n\n<details class=\"wp-block-details is-layout-flow wp-block-details-is-layout-flow\"><summary>Niveau i Vejle Kendo<\/summary>\n<p><br>Vi tilpasser vores tr\u00e6ninger, s\u00e5 alle kan v\u00e6re med uanset niveau. Vi har b\u00e5de medlemmer, der nyder konkurrence og deltager p\u00e5 det danske landshold, og s\u00e5 har vi ogs\u00e5 medlemmer, der dyrker Kendo for det rolige, \u00e6stetiske og for motionens skyld.<br><br>I Vejle l\u00e6gger vi niveauet for tr\u00e6ningen, s\u00e5 alle f\u00e5r noget ud af det, uanset niveau og ambitioner.<\/p>\n<\/details>\n\n\n\n<p><\/p>\n\n\n\n<p>Kontakt os, hvis du vil pr\u00f8ve at tr\u00e6ne med os. Du kan finde kontaktoplysninger under siden &#8220;kontakt&#8221;, og ellers kan du r\u00e6kke ud til os via fores facebook gruppe:<\/p>\n\n\n\n<div class=\"wp-block-group is-layout-grid wp-container-core-group-is-layout-1 wp-block-group-is-layout-grid\">\n<p><a href=\"https:\/\/vejle-kendo.dk\/?page_id=124\" data-type=\"page\" data-id=\"124\"><strong>Kontakt<\/strong><\/a><\/p>\n\n\n\n<p><a href=\"https:\/\/www.facebook.com\/groups\/237507326277558\"><strong>Facebook<\/strong><\/a><\/p>\n\n\n\n<p><\/p>\n<\/div>\n\n\n\n<div class=\"wp-block-group is-nowrap is-layout-flex wp-container-core-group-is-layout-2 wp-block-group-is-layout-flex\">\n<p><strong>Tr\u00e6ningstider:<\/strong><br>Tirsdag kl. 19.30-22:00 (alle)<br>Torsdag kl. 20:30-22:00 (\u00f8vede)<\/p>\n\n\n\n<p><strong>Sted:<\/strong><br>Novaskolens drengegymnastiksal<br>Moldevej 5, 7100 Vejle<\/p>\n<\/div>\n\n\n\n<figure class=\"wp-block-video\"><video controls src=\"https:\/\/vejle-kendo.dk\/wp-content\/uploads\/2025\/04\/6c6a0237-c80b-43f9-89b7-5cc034a6a562.mp4\"><\/video><\/figure>\n\n\n\n<p class=\"has-text-align-center\"><em>I videoen herover kan du h\u00f8re Frederik snakke om, hvordan han har det efter tr\u00e6ning.<\/em><\/p>\n\n\n\n<div class=\"wp-block-columns is-layout-flex wp-container-core-columns-is-layout-1 wp-block-columns-is-layout-flex\">\n<div class=\"wp-block-column is-layout-flow wp-block-column-is-layout-flow\" style=\"flex-basis:100%\"><\/div>\n<\/div>\n","protected":false},"excerpt":{"rendered":"<p>Billede fra en f\u00e6llestr\u00e6ning i Vejle Kendo Kendo er en kampsport alle kan dyrke, uanset alder og st\u00f8bning.I Vejle Kendo s\u00f8rger vi for at holde tr\u00e6ningen sjov og engagerende med sikkerheden i top og masser af erfaring at gro af. &hellip; <a href=\"https:\/\/vejle-kendo.dk\/?page_id=36\">Continue reading <span class=\"meta-nav\">&rarr;<\/span><\/a><\/p>\n","protected":false},"author":1,"featured_media":0,"parent":0,"menu_order":0,"comment_status":"open","ping_status":"open","template":"","meta":{"footnotes":""},"class_list":["post-36","page","type-page","status-publish","hentry"],"_links":{"self":[{"href":"https:\/\/vejle-kendo.dk\/index.php?rest_route=\/wp\/v2\/pages\/36","targetHints":{"allow":["GET"]}}],"collection":[{"href":"https:\/\/vejle-kendo.dk\/index.php?rest_route=\/wp\/v2\/pages"}],"about":[{"href":"https:\/\/vejle-kendo.dk\/index.php?rest_route=\/wp\/v2\/types\/page"}],"author":[{"embeddable":true,"href":"https:\/\/vejle-kendo.dk\/index.php?rest_route=\/wp\/v2\/users\/1"}],"replies":[{"embeddable":true,"href":"https:\/\/vejle-kendo.dk\/index.php?rest_route=%2Fwp%2Fv2%2Fcomments&post=36"}],"version-history":[{"count":26,"href":"https:\/\/vejle-kendo.dk\/index.php?rest_route=\/wp\/v2\/pages\/36\/revisions"}],"predecessor-version":[{"id":301,"href":"https:\/\/vejle-kendo.dk\/index.php?rest_route=\/wp\/v2\/pages\/36\/revisions\/301"}],"wp:attachment":[{"href":"https:\/\/vejle-kendo.dk\/index.php?rest_route=%2Fwp%2Fv2%2Fmedia&parent=36"}],"curies":[{"name":"wp","href":"https:\/\/api.w.org\/{rel}","templated":true}]}}