{"id":30,"date":"2011-09-01T17:50:16","date_gmt":"2011-09-01T15:50:16","guid":{"rendered":"http:\/\/vejle-kendo.dk\/?page_id=30"},"modified":"2025-04-01T18:43:57","modified_gmt":"2025-04-01T16:43:57","slug":"instruktor","status":"publish","type":"page","link":"https:\/\/vejle-kendo.dk\/?page_id=30","title":{"rendered":"Instrukt\u00f8r"},"content":{"rendered":"\n<div class=\"wp-block-group is-nowrap is-layout-flex wp-container-core-group-is-layout-2 wp-block-group-is-layout-flex\">\n<div class=\"wp-block-group is-vertical is-layout-flex wp-container-core-group-is-layout-1 wp-block-group-is-layout-flex\">\n<p>Instrukt\u00f8ren i Vejle Kendo hedder Martin Polansky og er f\u00f8dt i 1974. Martin blev f\u00f8dt i Tyskland og kom til Danmark i 2006. Martin bor i dag i Vejle med hans kone og b\u00f8rn.<\/p>\n\n\n\n<p><\/p>\n\n\n\n<p><\/p>\n\n\n\n<p>Martin har tr\u00e6net Kendo siden 1998. F\u00f8rst i Feuerbacher Sportverein, Stuttgart, fra 1998 til 2006, og siden i Odense Kendo Klub. Martin er i skrivende stund 3 DAN.<\/p>\n<\/div>\n\n\n\n<figure class=\"wp-block-image size-large\"><a href=\"https:\/\/vejle-kendo.dk\/wp-content\/uploads\/2025\/04\/Martin.jpg\"><img loading=\"lazy\" decoding=\"async\" width=\"805\" height=\"1073\" src=\"https:\/\/vejle-kendo.dk\/wp-content\/uploads\/2025\/04\/Martin-edited.jpg\" alt=\"\" class=\"wp-image-237\" srcset=\"https:\/\/vejle-kendo.dk\/wp-content\/uploads\/2025\/04\/Martin-edited.jpg 805w, https:\/\/vejle-kendo.dk\/wp-content\/uploads\/2025\/04\/Martin-edited-225x300.jpg 225w, https:\/\/vejle-kendo.dk\/wp-content\/uploads\/2025\/04\/Martin-edited-768x1024.jpg 768w\" sizes=\"auto, (max-width: 805px) 100vw, 805px\" \/><\/a><\/figure>\n<\/div>\n","protected":false},"excerpt":{"rendered":"<p>Instrukt\u00f8ren i Vejle Kendo hedder Martin Polansky og er f\u00f8dt i 1974. Martin blev f\u00f8dt i Tyskland og kom til Danmark i 2006. Martin bor i dag i Vejle med hans kone og b\u00f8rn. Martin har tr\u00e6net Kendo siden 1998. &hellip; <a href=\"https:\/\/vejle-kendo.dk\/?page_id=30\">Continue reading <span class=\"meta-nav\">&rarr;<\/span><\/a><\/p>\n","protected":false},"author":1,"featured_media":0,"parent":0,"menu_order":0,"comment_status":"open","ping_status":"open","template":"sidebar-page.php","meta":{"footnotes":""},"class_list":["post-30","page","type-page","status-publish","hentry"],"_links":{"self":[{"href":"https:\/\/vejle-kendo.dk\/index.php?rest_route=\/wp\/v2\/pages\/30","targetHints":{"allow":["GET"]}}],"collection":[{"href":"https:\/\/vejle-kendo.dk\/index.php?rest_route=\/wp\/v2\/pages"}],"about":[{"href":"https:\/\/vejle-kendo.dk\/index.php?rest_route=\/wp\/v2\/types\/page"}],"author":[{"embeddable":true,"href":"https:\/\/vejle-kendo.dk\/index.php?rest_route=\/wp\/v2\/users\/1"}],"replies":[{"embeddable":true,"href":"https:\/\/vejle-kendo.dk\/index.php?rest_route=%2Fwp%2Fv2%2Fcomments&post=30"}],"version-history":[{"count":5,"href":"https:\/\/vejle-kendo.dk\/index.php?rest_route=\/wp\/v2\/pages\/30\/revisions"}],"predecessor-version":[{"id":256,"href":"https:\/\/vejle-kendo.dk\/index.php?rest_route=\/wp\/v2\/pages\/30\/revisions\/256"}],"wp:attachment":[{"href":"https:\/\/vejle-kendo.dk\/index.php?rest_route=%2Fwp%2Fv2%2Fmedia&parent=30"}],"curies":[{"name":"wp","href":"https:\/\/api.w.org\/{rel}","templated":true}]}}