{"id":137,"date":"2014-11-05T14:28:51","date_gmt":"2014-11-05T13:28:51","guid":{"rendered":"http:\/\/vejle-kendo.dk\/?page_id=137"},"modified":"2025-04-22T18:38:17","modified_gmt":"2025-04-22T16:38:17","slug":"danske-kendo-klubber","status":"publish","type":"page","link":"https:\/\/vejle-kendo.dk\/?page_id=137","title":{"rendered":"Danske Kendo Klubber"},"content":{"rendered":"\n<div class=\"wp-block-columns is-layout-flex wp-container-core-columns-is-layout-1 wp-block-columns-is-layout-flex\">\n<div class=\"wp-block-column is-layout-flow wp-block-column-is-layout-flow\" style=\"flex-basis:66.66%\">\n<p>Vejle Kendo er medlem af Dansk Kendo Forbund. Og som medlem af Vejle Kendo bliver du automatisk ogs\u00e5 medlem af&nbsp;Dansk Kendo Forbund. Derfor er vi ogs\u00e5 forbundet med andre danske Kendoklubber<\/p>\n<\/div>\n\n\n\n<div class=\"wp-block-column is-layout-flow wp-block-column-is-layout-flow\" style=\"flex-basis:33.33%\">\n<figure class=\"wp-block-image size-large is-resized\"><a href=\"https:\/\/vejle-kendo.dk\/wp-content\/uploads\/2025\/04\/dkf-5.png\"><img loading=\"lazy\" decoding=\"async\" width=\"1024\" height=\"1024\" src=\"https:\/\/vejle-kendo.dk\/wp-content\/uploads\/2025\/04\/dkf-5-1024x1024.png\" alt=\"\" class=\"wp-image-294\" style=\"width:142px;height:auto\" srcset=\"https:\/\/vejle-kendo.dk\/wp-content\/uploads\/2025\/04\/dkf-5-1024x1024.png 1024w, https:\/\/vejle-kendo.dk\/wp-content\/uploads\/2025\/04\/dkf-5-300x300.png 300w, https:\/\/vejle-kendo.dk\/wp-content\/uploads\/2025\/04\/dkf-5-150x150.png 150w, https:\/\/vejle-kendo.dk\/wp-content\/uploads\/2025\/04\/dkf-5-768x768.png 768w, https:\/\/vejle-kendo.dk\/wp-content\/uploads\/2025\/04\/dkf-5-1536x1536.png 1536w, https:\/\/vejle-kendo.dk\/wp-content\/uploads\/2025\/04\/dkf-5-2048x2048.png 2048w\" sizes=\"auto, (max-width: 1024px) 100vw, 1024px\" \/><\/a><\/figure>\n<\/div>\n<\/div>\n\n\n\n<details class=\"wp-block-details is-layout-flow wp-block-details-is-layout-flow\"><summary>Dansk Kendo Forbund<\/summary>\n<p>Dansk Kendo Forbund styrke er deres st\u00e6rke samarbejde, der underst\u00f8tter forbundets klubber og deres medlemmer b\u00e5de nationalt og internationalt.<br><br>Gennem Dansk Kendo Forbund f\u00e5r du blandt andet adgang til at deltage i gradueringer og f\u00e6llestr\u00e6ninger rundt omkring i landet.<br><br>Forbundet har j\u00e6vnlig bes\u00f8g af h\u00f8jt graduerede Japanske Sensei, der hj\u00e6lper med den tekniske udvikling igennem weekendtr\u00e6ninger og lejre.<br><br>L\u00e6s mere her: <strong><a href=\"https:\/\/www.kendo-dkf.dk\/\">Dansk Kendo Forbund<\/a><\/strong><\/p>\n<\/details>\n\n\n\n<p>S\u00f8ger du klub uden for Vejle? Her kan du finde <a href=\"https:\/\/www.kendo-dkf.dk\/klubber\"><strong>andre Kendo klubber<\/strong><\/a><\/p>\n\n\n\n<p><\/p>\n","protected":false},"excerpt":{"rendered":"<p>Vejle Kendo er medlem af Dansk Kendo Forbund. Og som medlem af Vejle Kendo bliver du automatisk ogs\u00e5 medlem af&nbsp;Dansk Kendo Forbund. Derfor er vi ogs\u00e5 forbundet med andre danske Kendoklubber S\u00f8ger du klub uden for Vejle? Her kan du &hellip; <a href=\"https:\/\/vejle-kendo.dk\/?page_id=137\">Continue reading <span class=\"meta-nav\">&rarr;<\/span><\/a><\/p>\n","protected":false},"author":3,"featured_media":0,"parent":0,"menu_order":0,"comment_status":"open","ping_status":"open","template":"","meta":{"footnotes":""},"class_list":["post-137","page","type-page","status-publish","hentry"],"_links":{"self":[{"href":"https:\/\/vejle-kendo.dk\/index.php?rest_route=\/wp\/v2\/pages\/137","targetHints":{"allow":["GET"]}}],"collection":[{"href":"https:\/\/vejle-kendo.dk\/index.php?rest_route=\/wp\/v2\/pages"}],"about":[{"href":"https:\/\/vejle-kendo.dk\/index.php?rest_route=\/wp\/v2\/types\/page"}],"author":[{"embeddable":true,"href":"https:\/\/vejle-kendo.dk\/index.php?rest_route=\/wp\/v2\/users\/3"}],"replies":[{"embeddable":true,"href":"https:\/\/vejle-kendo.dk\/index.php?rest_route=%2Fwp%2Fv2%2Fcomments&post=137"}],"version-history":[{"count":11,"href":"https:\/\/vejle-kendo.dk\/index.php?rest_route=\/wp\/v2\/pages\/137\/revisions"}],"predecessor-version":[{"id":302,"href":"https:\/\/vejle-kendo.dk\/index.php?rest_route=\/wp\/v2\/pages\/137\/revisions\/302"}],"wp:attachment":[{"href":"https:\/\/vejle-kendo.dk\/index.php?rest_route=%2Fwp%2Fv2%2Fmedia&parent=137"}],"curies":[{"name":"wp","href":"https:\/\/api.w.org\/{rel}","templated":true}]}}